{"id":113,"date":"2022-03-25T09:35:54","date_gmt":"2022-03-25T08:35:54","guid":{"rendered":"http:\/\/klubkontra.pl\/sklep\/?post_type=product&#038;p=113"},"modified":"2024-07-02T11:14:12","modified_gmt":"2024-07-02T09:14:12","slug":"wsparcie-dla-ukrainy","status":"publish","type":"product","link":"https:\/\/klubkontra.pl\/sklep\/index.php\/produkt\/wsparcie-dla-ukrainy\/","title":{"rendered":"Wsparcie dla Ukrainy"},"content":{"rendered":"<p>Je\u015bli chcesz wesprze\u0107 nasze dzia\u0142ania na rzecz wsparcia os\u00f3b dotkni\u0119tych wydarzeniami na Ukrainie, mo\u017cesz dokona\u0107 wp\u0142aty. Za ka\u017cde wsparcie dzi\u0119kujemy!<\/p>\n","protected":false},"excerpt":{"rendered":"<p>Je\u015bli chcesz wesprze\u0107 nasze dzia\u0142ania na rzecz wsparcia os\u00f3b dotkni\u0119tych wydarzeniami na Ukrainie, mo\u017cesz dokona\u0107 wp\u0142aty. Za ka\u017cde wsparcie dzi\u0119kujemy!<\/p>\n","protected":false},"featured_media":110,"comment_status":"open","ping_status":"closed","template":"","meta":[],"product_cat":[24,25],"product_tag":[],"_links":{"self":[{"href":"https:\/\/klubkontra.pl\/sklep\/index.php\/wp-json\/wp\/v2\/product\/113"}],"collection":[{"href":"https:\/\/klubkontra.pl\/sklep\/index.php\/wp-json\/wp\/v2\/product"}],"about":[{"href":"https:\/\/klubkontra.pl\/sklep\/index.php\/wp-json\/wp\/v2\/types\/product"}],"replies":[{"embeddable":true,"href":"https:\/\/klubkontra.pl\/sklep\/index.php\/wp-json\/wp\/v2\/comments?post=113"}],"wp:featuredmedia":[{"embeddable":true,"href":"https:\/\/klubkontra.pl\/sklep\/index.php\/wp-json\/wp\/v2\/media\/110"}],"wp:attachment":[{"href":"https:\/\/klubkontra.pl\/sklep\/index.php\/wp-json\/wp\/v2\/media?parent=113"}],"wp:term":[{"taxonomy":"product_cat","embeddable":true,"href":"https:\/\/klubkontra.pl\/sklep\/index.php\/wp-json\/wp\/v2\/product_cat?post=113"},{"taxonomy":"product_tag","embeddable":true,"href":"https:\/\/klubkontra.pl\/sklep\/index.php\/wp-json\/wp\/v2\/product_tag?post=113"}],"curies":[{"name":"wp","href":"https:\/\/api.w.org\/{rel}","templated":true}]}}